{"id":57,"date":"2012-02-24T20:39:26","date_gmt":"2012-02-24T19:39:26","guid":{"rendered":"http:\/\/www.conviro.se\/?page_id=57"},"modified":"2018-09-22T15:04:17","modified_gmt":"2018-09-22T13:04:17","slug":"conviro-ab-och-tomas-henrysson","status":"publish","type":"page","link":"https:\/\/conviro.se\/?page_id=57","title":{"rendered":""},"content":{"rendered":"<p><strong>Conviro AB<\/strong> startades 2002 och \u00e4r en forts\u00e4ttning av verksamheten som bedrevs i Tomas Henrysson Milj\u00f6konsult med start 1998. Conviro \u00e4r ett enmansf\u00f6retag d\u00e4r jag sj\u00e4lv, <strong>Tomas Henrysson<\/strong>, arbetar som konsult i f\u00f6retaget.<\/p>\n<p><a href=\"http:\/\/conviro.se\/wp-content\/uploads\/2012\/05\/Fj\u00e4llen-440.jpg\"><img loading=\"lazy\" decoding=\"async\" class=\"alignright wp-image-263\" title=\"Fj\u00e4llen 440\" src=\"http:\/\/conviro.se\/wp-content\/uploads\/2012\/05\/Fj\u00e4llen-440-225x300.jpg\" alt=\"\" width=\"282\" height=\"362\" \/><\/a>Jag har en bakgrund som<strong> forskare och docent p\u00e5 Lunds Tekniska H\u00f6gskola<\/strong> p\u00e5 avdelningen f\u00f6r bioteknik. D\u00e4r byggde jag upp en forskargrupp med inriktad p\u00e5 milj\u00f6bioteknik omfattande gasrening, biogasframst\u00e4llning, vattenrening men framf\u00f6rallt marksanering. Jag handledde 8 doktorander och ett stort antal examensarbetare inom olika omr\u00e5den. Jag undervisade i flera kurser, bla marksanering. Forskningen inom marksanering var fr\u00e4mst inriktad p\u00e5 olika typer av biologisk nedbrytning av organiska \u00e4mnen. I arbetet ingick \u00e4ven att anv\u00e4nda analytiska metoder, ekotoxikologiska tester mm som en naturlig del. Efter doktorsexamen gjorde jag ett post-doktors \u00e5r vid Stanford University hos Perry McCarty som 2007 fick Stockholm Water Prize. Hos Prof McCarty arbetade jag med biologisk nedbrytning av klorerade l\u00f6sningsmedel i grundvatten.<\/p>\n<p>Min <strong>konsultverksamhet<\/strong> ocks\u00e5 har inriktats p\u00e5 milj\u00f6fr\u00e5gor, speciellt marksanering. Jag har nu drygt 20 \u00e5rs erfarenhet fr\u00e5n ett antal konsultuppdrag \u00e5t myndigheter och f\u00f6retag. Genom ett l\u00e5ngvarigt uppdrag \u00e5t Naturv\u00e5rdsverket som konsultst\u00f6d f\u00f6r deras kunskapsprogram H\u00e5llbar Sanering har jag f\u00e5tt stor erfarenhet av kunskapsl\u00e4get inom f\u00f6rorenade omr\u00e5den och Naturv\u00e5rdsverkets eget arbete inom omr\u00e5det. Genom ett tidigare uppdrag \u00e5t Milj\u00f6teknikdelegationen har jag \u00e4ven f\u00e5tt erfarenhet av annan milj\u00f6teknik, speciellt med internationell anknytning. Genom olika uppdrag har jag kommit i kontakt med olika delar av projekt s\u00e5som f\u00f6rberedelser, utredningar, administration, genomf\u00f6rande, och projektledning. Jag har byggt upp ett brett kontaktn\u00e4t b\u00e5de i Sverige och internationellt.<\/p>\n<p>Mina konsultuppdrag har fr\u00e4mst r\u00f6rt f\u00f6rorenad mark och tillst\u00e5nds\u00e4renden men jag har \u00e4ven gjort uppdrag inom andra milj\u00f6omr\u00e5den. Du kan l\u00e4sa mer om uppdrag inom olika omr\u00e5den via l\u00e4nkarna till h\u00f6ger.<\/p>\n","protected":false},"excerpt":{"rendered":"<p>Conviro AB startades 2002 och \u00e4r en forts\u00e4ttning av verksamheten som bedrevs i Tomas Henrysson Milj\u00f6konsult med start 1998. Conviro \u00e4r ett enmansf\u00f6retag d\u00e4r jag sj\u00e4lv, Tomas Henrysson, arbetar som konsult i f\u00f6retaget. Jag har en bakgrund som forskare och &hellip; <a href=\"https:\/\/conviro.se\/?page_id=57\">Continue reading <span class=\"meta-nav\">&rarr;<\/span><\/a><\/p>\n","protected":false},"author":1,"featured_media":0,"parent":0,"menu_order":0,"comment_status":"closed","ping_status":"closed","template":"","meta":{"footnotes":""},"class_list":["post-57","page","type-page","status-publish","hentry"],"_links":{"self":[{"href":"https:\/\/conviro.se\/index.php?rest_route=\/wp\/v2\/pages\/57","targetHints":{"allow":["GET"]}}],"collection":[{"href":"https:\/\/conviro.se\/index.php?rest_route=\/wp\/v2\/pages"}],"about":[{"href":"https:\/\/conviro.se\/index.php?rest_route=\/wp\/v2\/types\/page"}],"author":[{"embeddable":true,"href":"https:\/\/conviro.se\/index.php?rest_route=\/wp\/v2\/users\/1"}],"replies":[{"embeddable":true,"href":"https:\/\/conviro.se\/index.php?rest_route=%2Fwp%2Fv2%2Fcomments&post=57"}],"version-history":[{"count":6,"href":"https:\/\/conviro.se\/index.php?rest_route=\/wp\/v2\/pages\/57\/revisions"}],"predecessor-version":[{"id":323,"href":"https:\/\/conviro.se\/index.php?rest_route=\/wp\/v2\/pages\/57\/revisions\/323"}],"wp:attachment":[{"href":"https:\/\/conviro.se\/index.php?rest_route=%2Fwp%2Fv2%2Fmedia&parent=57"}],"curies":[{"name":"wp","href":"https:\/\/api.w.org\/{rel}","templated":true}]}}