{"id":5,"date":"2012-02-17T21:08:41","date_gmt":"2012-02-17T20:08:41","guid":{"rendered":"http:\/\/www.conviro.se\/?page_id=2"},"modified":"2012-06-05T09:29:55","modified_gmt":"2012-06-05T07:29:55","slug":"sample-page-2","status":"publish","type":"page","link":"https:\/\/conviro.se\/","title":{"rendered":""},"content":{"rendered":"<ul>\n<li>\u00c4ger du ett f\u00f6rorenat omr\u00e5de?<\/li>\n<li>Har du bedrivit verksamhet som har f\u00f6rorenat?<\/li>\n<li>Beh\u00f6ver du unders\u00f6ka ett f\u00f6rorenat omr\u00e5de?<\/li>\n<li>Beh\u00f6ver du g\u00f6ra en riskbed\u00f6mning av ett f\u00f6rorenat omr\u00e5de?<\/li>\n<li>Beh\u00f6ver du hj\u00e4lp med att hitta den b\u00e4sta \u00e5tg\u00e4rdsmetoden?<\/li>\n<li>Beh\u00f6ver du g\u00f6ra en riskv\u00e4rdering f\u00f6r att hitta den b\u00e4sta \u00e5tg\u00e4rden?<\/li>\n<li>Vill du utv\u00e4rdera en sanering eller annan milj\u00f6\u00e5tg\u00e4rd?<\/li>\n<li>Beh\u00f6ver du g\u00f6ra en anm\u00e4lan eller s\u00f6ka tillst\u00e5nd f\u00f6r milj\u00f6farlig verksamhet?<\/li>\n<li>Vill du ha st\u00f6d med att driva ett forsknings- och utvecklingsprojekt?<\/li>\n<li>Beh\u00f6ver du en projektledare f\u00f6r ett milj\u00f6projekt?<\/li>\n<\/ul>\n<p><a href=\"http:\/\/conviro.se\/wp-content\/uploads\/2012\/05\/SL383246.jpg\"><img loading=\"lazy\" decoding=\"async\" class=\" wp-image-275 alignright\" title=\"&lt;VLUU L830  \/ Samsung L830&gt;\" src=\"http:\/\/conviro.se\/wp-content\/uploads\/2012\/05\/SL383246-1024x768.jpg\" alt=\"\" width=\"410\" height=\"307\" srcset=\"https:\/\/conviro.se\/wp-content\/uploads\/2012\/05\/SL383246-1024x768.jpg 1024w, https:\/\/conviro.se\/wp-content\/uploads\/2012\/05\/SL383246-300x225.jpg 300w\" sizes=\"auto, (max-width: 410px) 100vw, 410px\" \/><\/a>Har du svarat ja p\u00e5 n\u00e5gon av fr\u00e5gorna s\u00e5 l\u00e4s g\u00e4rna mer om vilka tj\u00e4nster Conviro kan erbjuda och vilka uppdrag som utf\u00f6rts inom olika omr\u00e5den under menyn &#8220;Erbjudna tj\u00e4nster och tidigare erfarenhet&#8221;\u00a0till h\u00f6ger.<\/p>\n","protected":false},"excerpt":{"rendered":"<p>\u00c4ger du ett f\u00f6rorenat omr\u00e5de? Har du bedrivit verksamhet som har f\u00f6rorenat? Beh\u00f6ver du unders\u00f6ka ett f\u00f6rorenat omr\u00e5de? Beh\u00f6ver du g\u00f6ra en riskbed\u00f6mning av ett f\u00f6rorenat omr\u00e5de? Beh\u00f6ver du hj\u00e4lp med att hitta den b\u00e4sta \u00e5tg\u00e4rdsmetoden? Beh\u00f6ver du g\u00f6ra en &hellip; <a href=\"https:\/\/conviro.se\/\">Continue reading <span class=\"meta-nav\">&rarr;<\/span><\/a><\/p>\n","protected":false},"author":1,"featured_media":0,"parent":0,"menu_order":0,"comment_status":"closed","ping_status":"closed","template":"","meta":{"footnotes":""},"class_list":["post-5","page","type-page","status-publish","hentry"],"_links":{"self":[{"href":"https:\/\/conviro.se\/index.php?rest_route=\/wp\/v2\/pages\/5","targetHints":{"allow":["GET"]}}],"collection":[{"href":"https:\/\/conviro.se\/index.php?rest_route=\/wp\/v2\/pages"}],"about":[{"href":"https:\/\/conviro.se\/index.php?rest_route=\/wp\/v2\/types\/page"}],"author":[{"embeddable":true,"href":"https:\/\/conviro.se\/index.php?rest_route=\/wp\/v2\/users\/1"}],"replies":[{"embeddable":true,"href":"https:\/\/conviro.se\/index.php?rest_route=%2Fwp%2Fv2%2Fcomments&post=5"}],"version-history":[{"count":2,"href":"https:\/\/conviro.se\/index.php?rest_route=\/wp\/v2\/pages\/5\/revisions"}],"predecessor-version":[{"id":282,"href":"https:\/\/conviro.se\/index.php?rest_route=\/wp\/v2\/pages\/5\/revisions\/282"}],"wp:attachment":[{"href":"https:\/\/conviro.se\/index.php?rest_route=%2Fwp%2Fv2%2Fmedia&parent=5"}],"curies":[{"name":"wp","href":"https:\/\/api.w.org\/{rel}","templated":true}]}}