{"id":48,"date":"2012-02-24T20:31:28","date_gmt":"2012-02-24T19:31:28","guid":{"rendered":"http:\/\/www.conviro.se\/?page_id=48"},"modified":"2012-02-24T20:31:28","modified_gmt":"2012-02-24T19:31:28","slug":"forskning-och-utveckling-inom-miljoteknik","status":"publish","type":"page","link":"http:\/\/conviro.se\/?page_id=48","title":{"rendered":"Forskning och utveckling"},"content":{"rendered":"<p>Tillf\u00f6rlitlighet och kvalitet inom olika till\u00e4mpningar av milj\u00f6teknik \u00e4r beroende av forskning och utveckling. I m\u00e5nga fall \u00e4r det \u00f6verf\u00f6ringen av forskningsresultat till praktik som \u00e4r begr\u00e4nsande. Kunskapsprogram, utvecklingsprojekt och pilotdemonstrationer \u00e4r d\u00e4rf\u00f6r viktiga komponenter inom m\u00e5nga teknikomr\u00e5den, bl.a. efterbehandling. Inom m\u00e5nga omr\u00e5den finns dessutom mycket att l\u00e4ra genom internationellt samarbete.<\/p>\n<p><span style=\"color: #008000;\"><strong>Erbjudna tj\u00e4nster<\/strong><\/span><\/p>\n<p><em>Vid behov kan jag hj\u00e4lpa till med bl.a. f\u00f6ljande moment avseende forskning och utveckling inom milj\u00f6teknik:<\/em><\/p>\n<ul>\n<li>F\u00f6rstudier och drift av FoU och kunskapsprogram<\/li>\n<li>Planering och genomf\u00f6rande av pilotdemonstrationer<\/li>\n<li>Utv\u00e4rdering av olika program<\/li>\n<li>Hj\u00e4lp med internationellt samarbete<\/li>\n<\/ul>\n<p><span style=\"color: #008000;\"><strong>Tidigare erfarenheter<\/strong><\/span><\/p>\n<p>I mitt l\u00e5ngvariga uppdrag \u00e5t Naturv\u00e5rdsverket h\u00f6ll jag i kunskapsprogrammet H\u00e5llbar Sanering. Inom det uppdraget hade jag \u00e4ven m\u00f6jlighet att engagera mig i n\u00e5gra projekt, bla utveckling av nya metoder f\u00f6r riskv\u00e4rdering.<\/p>\n<p>Jag har ocks\u00e5 varit med och planera ett nytt forskningsprogram avseende milj\u00f6effekter av vindkraft. Detta startades sedan under namnet &#8220;Vindval&#8221;.<\/p>\n<p>Inom milj\u00f6teknikomr\u00e5det har jag mestadels haft uppdrag med en internationell inriktning, t.ex. teknikupphandling i \u00d6stersj\u00f6regionen, utv\u00e4rdering av forskningsans\u00f6kningar inom LIFE och uppbyggnad av en databas f\u00f6r milj\u00f6export.<\/p>\n<p><em>Nedan f\u00f6ljer n\u00e5gra exempel p\u00e5 uppdrag:<\/em><\/p>\n<ul>\n<li>Konsultst\u00f6d \u00e5t Naturv\u00e5rdsverkets kunskapsprogram H\u00c5LLBAR SANERING<\/li>\n<li>Utredning f\u00f6r Naturv\u00e5rdsverket g\u00e4llande kunskapsf\u00f6rs\u00f6rjning inom efterbehandling av f\u00f6rorenade omr\u00e5den<\/li>\n<li>Projektledare f\u00f6r tv\u00e5 st\u00f6rre pilotdemonstrationsprojekt inom marksanering f\u00f6r Milj\u00f6teknikdelegationen<\/li>\n<li>Projektledare i en f\u00f6rstudie ang\u00e5ende teknikupphandling i \u00d6stersj\u00f6regionen inom Baltic 21 f\u00f6r NUTEK<\/li>\n<li>Initiativ och samordning av internationell arbetsgrupp, samordning och utv\u00e4rdering av internationell kartl\u00e4ggning av tekniker, genomf\u00f6rande av f\u00f6rstudie mm f\u00f6r NUTEK<\/li>\n<li>Uppdrag r\u00f6rande fr\u00e4mjande av svensk milj\u00f6export f\u00f6r Milj\u00f6teknikdelegationen<\/li>\n<li>Uppdatering av databas f\u00f6r milj\u00f6produkter f\u00f6r Green Market Sweden<\/li>\n<li>Planering och genomf\u00f6rande av exportprojekt i Baltikum f\u00f6r Green Market Sweden<\/li>\n<\/ul>\n<p>En komplett lista \u00f6ver genomf\u00f6rda uppdrag n\u00e5s via l\u00e4nken &#8220;uppdragsf\u00f6rteckning&#8221; till h\u00f6ger.<\/p>\n<p>&nbsp;<\/p>\n","protected":false},"excerpt":{"rendered":"<p>Tillf\u00f6rlitlighet och kvalitet inom olika till\u00e4mpningar av milj\u00f6teknik \u00e4r beroende av forskning och utveckling. I m\u00e5nga fall \u00e4r det \u00f6verf\u00f6ringen av forskningsresultat till praktik som \u00e4r begr\u00e4nsande. Kunskapsprogram, utvecklingsprojekt och pilotdemonstrationer \u00e4r d\u00e4rf\u00f6r viktiga komponenter inom m\u00e5nga teknikomr\u00e5den, bl.a. efterbehandling. &hellip; <a href=\"http:\/\/conviro.se\/?page_id=48\">Continue reading <span class=\"meta-nav\">&rarr;<\/span><\/a><\/p>\n","protected":false},"author":1,"featured_media":0,"parent":0,"menu_order":0,"comment_status":"closed","ping_status":"closed","template":"","meta":{"footnotes":""},"class_list":["post-48","page","type-page","status-publish","hentry"],"_links":{"self":[{"href":"http:\/\/conviro.se\/index.php?rest_route=\/wp\/v2\/pages\/48","targetHints":{"allow":["GET"]}}],"collection":[{"href":"http:\/\/conviro.se\/index.php?rest_route=\/wp\/v2\/pages"}],"about":[{"href":"http:\/\/conviro.se\/index.php?rest_route=\/wp\/v2\/types\/page"}],"author":[{"embeddable":true,"href":"http:\/\/conviro.se\/index.php?rest_route=\/wp\/v2\/users\/1"}],"replies":[{"embeddable":true,"href":"http:\/\/conviro.se\/index.php?rest_route=%2Fwp%2Fv2%2Fcomments&post=48"}],"version-history":[{"count":0,"href":"http:\/\/conviro.se\/index.php?rest_route=\/wp\/v2\/pages\/48\/revisions"}],"wp:attachment":[{"href":"http:\/\/conviro.se\/index.php?rest_route=%2Fwp%2Fv2%2Fmedia&parent=48"}],"curies":[{"name":"wp","href":"https:\/\/api.w.org\/{rel}","templated":true}]}}